{"id":484,"date":"2021-01-29T11:36:00","date_gmt":"2021-01-29T10:36:00","guid":{"rendered":"https:\/\/lmols.nl\/?page_id=484"},"modified":"2024-10-22T09:27:28","modified_gmt":"2024-10-22T08:27:28","slug":"484-2","status":"publish","type":"page","link":"https:\/\/lmols.nl\/fr\/","title":{"rendered":"Accueil"},"content":{"rendered":"<div class=\"wpb-content-wrapper\"><p>[vc_section full_width=\u00a0\u00bbstretch_row\u00a0\u00bb css=\u00a0\u00bb.vc_custom_1540824622919{background-color: #242424 !important;}\u00a0\u00bb el_class=\u00a0\u00bbdark home-intro\u00a0\u00bb][vc_row][vc_column][vc_column_text el_class=\u00a0\u00bbpt-md-5 pb-md-5 mt-md-5 mb-md-5&Prime;]<\/p>\n<h1>Landbouwmachines Mols<\/h1>\n<p>Plus de 30 ans d&rsquo;exp\u00e9rience dans l&rsquo;entretien, la r\u00e9paration<br \/>\net la modification de machines agricoles. Distributeur officiel<br \/>\nde plus de 15 marques renomm\u00e9es telles que Sgariboldi et Stiga.[\/vc_column_text][\/vc_column][\/vc_row][\/vc_section][vc_section full_width=\u00a0\u00bbstretch_row\u00a0\u00bb css=\u00a0\u00bb.vc_custom_1611135477073{background-color: #ffffff !important;}\u00a0\u00bb][vc_row][vc_column]\t<div class=\"delivered mt-4 pt-4 pt-md-0 bg-\">\r\n\t\t<div class=\"row\">\r\n\r\n            <div class=\"col-12 col-md-6\">\r\n                <iframe src=\"https:\/\/www.facebook.com\/plugins\/video.php?height=314&href=https%3A%2F%2Fwww.facebook.com%2Flmols.nl%2Fvideos%2F1523425384924804%2F&show_text=false&width=560&t=0\" style=\"border:none;overflow:hidden;width:100%;height:100%;aspect-ratio: 16\/9;\" scrolling=\"no\" frameborder=\"0\" allowfullscreen=\"true\" allow=\"autoplay; clipboard-write; encrypted-media; picture-in-picture; web-share\" allowFullScreen=\"true\"><\/iframe>\r\n            <\/div>\r\n\r\n            <div class=\"col-12 col-md-6\">\r\n                <iframe src=\"https:\/\/www.youtube.com\/embed\/vFoPxF_cVZo?si=UtBQ5yrgCDmS_0Ew\" title=\"YouTube video player\" frameborder=\"0\" allow=\"accelerometer; autoplay; clipboard-write; encrypted-media; gyroscope; picture-in-picture; web-share\" referrerpolicy=\"strict-origin-when-cross-origin\" allowfullscreen style=\"border:none;overflow:hidden;width:100%;height:100%;aspect-ratio: 16\/9;\"><\/iframe>\r\n            <\/div>\r\n\r\n<!--            <div class=\"col-md-6\">-->\r\n<!--                <div class=\"p-4 bg-light h-100\">-->\r\n<!--                    <h2 class=\"h4 mb-3\">--><!--<\/h2>-->\r\n<!--                    <div class=\"row\">-->\r\n<!--                        --><!--                            <div class=\"col col-12 col-md-6 col-delivered --><!--\">-->\r\n<!--                                <div class=\"inner h-100\">-->\r\n<!--                                    <div class=\"iframe-wrap\">-->\r\n<!--                                        <iframe src=\"https:\/\/www.youtube.com\/embed\/--><!--\"><\/iframe>-->\r\n<!--                                    <\/div>-->\r\n<!--                                    <h3 class=\"d-none\">--><!--<\/h3>-->\r\n<!--                                    <p>-->\r\n<!--                                        --><!--                                        <span class=\"machine\">--><!--<\/span>-->\r\n<!--                                        <span class=\"company\">--><!--<\/span>-->\r\n<!--                                    <\/p>-->\r\n<!--                                <\/div>-->\r\n<!--                            <\/div>-->\r\n<!--                            --><!--                    <\/div>-->\r\n<!--                <\/div>-->\r\n<!---->\r\n<!--            <\/div>-->\r\n\r\n\r\n\r\n\t\t<\/div>\r\n\t\t<div class=\"row mt-4 mb-5 pb-4\">\r\n\t\t\t<div class=\"col col-12 col-md-6\"><a target=\"_blank\" class=\"btn btn-lg btn-dark btn-youtube w-100 h-100\" href=\"https:\/\/www.youtube.com\/channel\/UCgSn_rkyXIyyESuL8NsvX9g\">Suivez-nous sur YouTube<\/a><\/div>\r\n\t\t\t<div class=\"col col-12 col-md-6\"><a target=\"_blank\" class=\"btn btn-lg btn-dark btn-facebook w-100 h-100\" href=\"https:\/\/www.facebook.com\/lmols.nl\/\">Suivez-nous sur Facebook<\/a><\/div>\r\n\t\t<\/div>\r\n\t<\/div>\r\n\t[\/vc_column][\/vc_row][\/vc_section][vc_section full_width=\u00a0\u00bbstretch_row\u00a0\u00bb css=\u00a0\u00bb.vc_custom_1540824745442{background-color: #ececec !important;}\u00a0\u00bb][vc_row][vc_column offset=\u00a0\u00bbvc_col-lg-8 vc_col-md-8&Prime;][vc_column_text css=\u00a0\u00bb.vc_custom_1544085402128{margin-bottom: -25px !important;}\u00a0\u00bb el_class=\u00a0\u00bbmt-md-4 pt-md-4 pb-md-4 mb-md-4&Prime;]<\/p>\n<h2>Entretien, r\u00e9paration et location<\/h2>\n<p>Nous assurons l&rsquo;entretien, la r\u00e9paration et la r\u00e9vision des machines agricoles de tous types et de toutes tailles. Nous avons \u00e9galement un certain nombre de machines \u00e0 louer \u00e0 titre de remplacement temporaire, pour que les travaux ne s&rsquo;arr\u00eatent pas.[\/vc_column_text]\t<div class=\"imagebutton bg-right-yellow-10\">\r\n\t\t<img decoding=\"async\" src=\"https:\/\/lmols.nl\/wp-content\/uploads\/2022\/10\/IMG_6427.jpg\" class=\"img-fluid\"\/>\r\n\t\t<a class=\"btn btn-dark btn-lg pos-right\" href=\"\/fr\/service\/\">service<\/a>\r\n\t<\/div>\r\n\t[\/vc_column][vc_column width=\u00a0\u00bb1\/3&Prime;][\/vc_column][\/vc_row][\/vc_section][vc_section full_width=\u00a0\u00bbstretch_row\u00a0\u00bb][vc_row][vc_column][vc_column_text css=\u00a0\u00bb.vc_custom_1540974758818{margin-bottom: -25px !important;}\u00a0\u00bb el_class=\u00a0\u00bbmt-md-4 pt-md-4 pb-md-4 mb-md-4&Prime;]<\/p>\n<h2>Les machines<\/h2>\n<p>[\/vc_column_text]    <div class=\"assortiment bg-left-yellow-10\">\r\n        <div class=\"row\">\r\n                            <div class=\"col col-6 col-md-4\"><a class=\"brand w-100 h-100\" style=\"background-color:;background-image:url('https:\/\/lmols.nl\/wp-content\/uploads\/2024\/10\/pagliari.png')\" href=\"https:\/\/lmols.nl\/fr\/merk\/pagliari\/\" title=\"Pagliari\"><span class=\"d-none\">Pagliari<\/span><\/a><\/div>\r\n                            <div class=\"col col-6 col-md-4\"><a class=\"brand w-100 h-100\" style=\"background-color:#577e64;background-image:url('https:\/\/lmols.nl\/wp-content\/uploads\/2022\/10\/Logo-SaMASZ_Maaierspecialist_WIT.png')\" href=\"https:\/\/lmols.nl\/fr\/merk\/samasz\/\" title=\"SamASZ\"><span class=\"d-none\">SamASZ<\/span><\/a><\/div>\r\n                            <div class=\"col col-6 col-md-4\"><a class=\"brand w-100 h-100\" style=\"background-color:#ff3600;background-image:url('https:\/\/lmols.nl\/wp-content\/uploads\/2022\/10\/Bobcat-logo.png')\" href=\"https:\/\/lmols.nl\/fr\/merk\/bobcat\/\" title=\"Bobcat\"><span class=\"d-none\">Bobcat<\/span><\/a><\/div>\r\n                            <div class=\"col col-6 col-md-4\"><a class=\"brand w-100 h-100\" style=\"background-color:;background-image:url('https:\/\/lmols.nl\/wp-content\/uploads\/2022\/10\/LOGO-PTM.png')\" href=\"https:\/\/lmols.nl\/fr\/merk\/ptm\/\" title=\"PTM\"><span class=\"d-none\">PTM<\/span><\/a><\/div>\r\n                            <div class=\"col col-6 col-md-4\"><a class=\"brand w-100 h-100\" style=\"background-color:#00447a;background-image:url('https:\/\/lmols.nl\/wp-content\/uploads\/2018\/10\/sgariboldi.jpg')\" href=\"https:\/\/lmols.nl\/fr\/merk\/sgariboldi\/\" title=\"Sgariboldi\"><span class=\"d-none\">Sgariboldi<\/span><\/a><\/div>\r\n                            <div class=\"col col-6 col-md-4\"><a class=\"brand w-100 h-100\" style=\"background-color:;background-image:url('https:\/\/lmols.nl\/wp-content\/uploads\/2022\/10\/TYM_MasterLogo_Red_Horizontal_RGB-scaled-e1681196890749.jpg')\" href=\"https:\/\/lmols.nl\/fr\/merk\/tym\/\" title=\"TYM\"><span class=\"d-none\">TYM<\/span><\/a><\/div>\r\n                            <div class=\"col col-6 col-md-4\"><a class=\"brand w-100 h-100\" style=\"background-color:#f31c2b;background-image:url('https:\/\/lmols.nl\/wp-content\/uploads\/2018\/10\/unlu.jpg')\" href=\"https:\/\/lmols.nl\/fr\/merk\/unlu-agriculture\/\" title=\"\u00dcnl\u00fc Agriculture\"><span class=\"d-none\">\u00dcnl\u00fc Agriculture<\/span><\/a><\/div>\r\n                            <div class=\"col col-6 col-md-4\"><a class=\"brand w-100 h-100\" style=\"background-color:#f28c00;background-image:url('https:\/\/lmols.nl\/wp-content\/uploads\/2020\/12\/omas-international.jpg')\" href=\"https:\/\/lmols.nl\/fr\/merk\/omas-international\/\" title=\"OMAS International\"><span class=\"d-none\">OMAS International<\/span><\/a><\/div>\r\n                            <div class=\"col col-6 col-md-4\"><a class=\"btn btn-lg btn-dark w-100 h-100\" href=\"\/fr\/machines\/\">Toutes les marques<\/a><\/div>\r\n            \r\n        <\/div>\r\n    <\/div>\r\n\t[\/vc_column][\/vc_row][\/vc_section][vc_row][vc_column][vc_empty_space el_class=\u00a0\u00bbmt-md-5 mb-md-5&Prime;][\/vc_column][\/vc_row]<\/p>\n<\/div>","protected":false},"excerpt":{"rendered":"<p>[vc_section full_width=\u00a0\u00bbstretch_row\u00a0\u00bb css=\u00a0\u00bb.vc_custom_1540824622919{background-color: #242424 !important;}\u00a0\u00bb el_class=\u00a0\u00bbdark home-intro\u00a0\u00bb][vc_row][vc_column][vc_column_text el_class=\u00a0\u00bbpt-md-5 pb-md-5 mt-md-5 mb-md-5&Prime;] Landbouwmachines Mols Plus [&hellip;]<\/p>\n","protected":false},"author":1,"featured_media":0,"parent":0,"menu_order":0,"comment_status":"closed","ping_status":"closed","template":"","meta":{"footnotes":""},"class_list":["post-484","page","type-page","status-publish","hentry"],"yoast_head":"<!-- This site is optimized with the Yoast SEO plugin v27.4 - https:\/\/yoast.com\/product\/yoast-seo-wordpress\/ -->\n<title>Accueil - Landbouwmachines Mols<\/title>\n<meta name=\"robots\" content=\"index, follow, max-snippet:-1, max-image-preview:large, max-video-preview:-1\" \/>\n<link rel=\"canonical\" href=\"https:\/\/lmols.nl\/fr\/\" \/>\n<meta property=\"og:locale\" content=\"fr_FR\" \/>\n<meta property=\"og:type\" content=\"article\" \/>\n<meta property=\"og:title\" content=\"Accueil - Landbouwmachines Mols\" \/>\n<meta property=\"og:description\" content=\"[vc_section full_width=\u00a0\u00bbstretch_row\u00a0\u00bb css=\u00a0\u00bb.vc_custom_1540824622919{background-color: #242424 !important;}\u00a0\u00bb el_class=\u00a0\u00bbdark home-intro\u00a0\u00bb][vc_row][vc_column][vc_column_text el_class=\u00a0\u00bbpt-md-5 pb-md-5 mt-md-5 mb-md-5&Prime;] Landbouwmachines Mols Plus [&hellip;]\" \/>\n<meta property=\"og:url\" content=\"https:\/\/lmols.nl\/fr\/\" \/>\n<meta property=\"og:site_name\" content=\"Landbouwmachines Mols\" \/>\n<meta property=\"article:publisher\" content=\"https:\/\/www.facebook.com\/Handelsonderneming-BMols-380196632109618\/?eid=ARBtk3KYUHQppxzyciDA1B2zSkUSERM4H2csQhGuBqBFs7FCikaYeC4_34_k5cgYSPlxsqjFpZ65fea2&amp;amp%3bamp%3bamp%3bamp%3bamp%3bamp%3bamp%3bamp%3bamp%3bamp%3bamp%3btimeline_context_item_type=intro_card_work&amp;amp%3bamp%3bamp%3bamp%3bamp%3bamp%3bamp%3bamp%3bamp%3bamp%3bamp%3btimeline_context_item_source=100003577209405&amp;amp%3bamp%3bamp%3bamp%3bamp%3bamp%3bamp%3bamp%3bamp%3bamp%3bamp%3bfref=tag\" \/>\n<meta property=\"article:modified_time\" content=\"2024-10-22T08:27:28+00:00\" \/>\n<meta name=\"twitter:card\" content=\"summary_large_image\" \/>\n<meta name=\"twitter:label1\" content=\"Dur\u00e9e de lecture estim\u00e9e\" \/>\n\t<meta name=\"twitter:data1\" content=\"1 minute\" \/>\n<script type=\"application\/ld+json\" class=\"yoast-schema-graph\">{\"@context\":\"https:\\\/\\\/schema.org\",\"@graph\":[{\"@type\":\"WebPage\",\"@id\":\"https:\\\/\\\/lmols.nl\\\/fr\\\/\",\"url\":\"https:\\\/\\\/lmols.nl\\\/fr\\\/\",\"name\":\"Accueil - Landbouwmachines Mols\",\"isPartOf\":{\"@id\":\"https:\\\/\\\/lmols.nl\\\/fr\\\/#website\"},\"datePublished\":\"2021-01-29T10:36:00+00:00\",\"dateModified\":\"2024-10-22T08:27:28+00:00\",\"breadcrumb\":{\"@id\":\"https:\\\/\\\/lmols.nl\\\/fr\\\/#breadcrumb\"},\"inLanguage\":\"fr-FR\",\"potentialAction\":[{\"@type\":\"ReadAction\",\"target\":[\"https:\\\/\\\/lmols.nl\\\/fr\\\/\"]}]},{\"@type\":\"BreadcrumbList\",\"@id\":\"https:\\\/\\\/lmols.nl\\\/fr\\\/#breadcrumb\",\"itemListElement\":[{\"@type\":\"ListItem\",\"position\":1,\"name\":\"Home\",\"item\":\"https:\\\/\\\/lmols.nl\\\/fr\\\/\"},{\"@type\":\"ListItem\",\"position\":2,\"name\":\"Accueil\"}]},{\"@type\":\"WebSite\",\"@id\":\"https:\\\/\\\/lmols.nl\\\/fr\\\/#website\",\"url\":\"https:\\\/\\\/lmols.nl\\\/fr\\\/\",\"name\":\"Landbouwmachines Mols\",\"description\":\"\",\"publisher\":{\"@id\":\"https:\\\/\\\/lmols.nl\\\/fr\\\/#organization\"},\"potentialAction\":[{\"@type\":\"SearchAction\",\"target\":{\"@type\":\"EntryPoint\",\"urlTemplate\":\"https:\\\/\\\/lmols.nl\\\/fr\\\/?s={search_term_string}\"},\"query-input\":{\"@type\":\"PropertyValueSpecification\",\"valueRequired\":true,\"valueName\":\"search_term_string\"}}],\"inLanguage\":\"fr-FR\"},{\"@type\":\"Organization\",\"@id\":\"https:\\\/\\\/lmols.nl\\\/fr\\\/#organization\",\"name\":\"Landbouwmachines Mols\",\"url\":\"https:\\\/\\\/lmols.nl\\\/fr\\\/\",\"logo\":{\"@type\":\"ImageObject\",\"inLanguage\":\"fr-FR\",\"@id\":\"https:\\\/\\\/lmols.nl\\\/fr\\\/#\\\/schema\\\/logo\\\/image\\\/\",\"url\":\"https:\\\/\\\/lmols.nl\\\/wp-content\\\/uploads\\\/2018\\\/10\\\/Logo-Mols-.jpg\",\"contentUrl\":\"https:\\\/\\\/lmols.nl\\\/wp-content\\\/uploads\\\/2018\\\/10\\\/Logo-Mols-.jpg\",\"width\":2560,\"height\":1244,\"caption\":\"Landbouwmachines Mols\"},\"image\":{\"@id\":\"https:\\\/\\\/lmols.nl\\\/fr\\\/#\\\/schema\\\/logo\\\/image\\\/\"},\"sameAs\":[\"https:\\\/\\\/www.facebook.com\\\/Handelsonderneming-BMols-380196632109618\\\/?eid=ARBtk3KYUHQppxzyciDA1B2zSkUSERM4H2csQhGuBqBFs7FCikaYeC4_34_k5cgYSPlxsqjFpZ65fea2&amp;amp;amp;amp;amp;amp;amp;amp;amp;amp;amp;timeline_context_item_type=intro_card_work&amp;amp;amp;amp;amp;amp;amp;amp;amp;amp;amp;timeline_context_item_source=100003577209405&amp;amp;amp;amp;amp;amp;amp;amp;amp;amp;amp;fref=tag\"]}]}<\/script>\n<!-- \/ Yoast SEO plugin. -->","yoast_head_json":{"title":"Accueil - Landbouwmachines Mols","robots":{"index":"index","follow":"follow","max-snippet":"max-snippet:-1","max-image-preview":"max-image-preview:large","max-video-preview":"max-video-preview:-1"},"canonical":"https:\/\/lmols.nl\/fr\/","og_locale":"fr_FR","og_type":"article","og_title":"Accueil - Landbouwmachines Mols","og_description":"[vc_section full_width=\u00a0\u00bbstretch_row\u00a0\u00bb css=\u00a0\u00bb.vc_custom_1540824622919{background-color: #242424 !important;}\u00a0\u00bb el_class=\u00a0\u00bbdark home-intro\u00a0\u00bb][vc_row][vc_column][vc_column_text el_class=\u00a0\u00bbpt-md-5 pb-md-5 mt-md-5 mb-md-5&Prime;] Landbouwmachines Mols Plus [&hellip;]","og_url":"https:\/\/lmols.nl\/fr\/","og_site_name":"Landbouwmachines Mols","article_publisher":"https:\/\/www.facebook.com\/Handelsonderneming-BMols-380196632109618\/?eid=ARBtk3KYUHQppxzyciDA1B2zSkUSERM4H2csQhGuBqBFs7FCikaYeC4_34_k5cgYSPlxsqjFpZ65fea2&amp%3bamp%3bamp%3bamp%3bamp%3bamp%3bamp%3bamp%3bamp%3bamp%3bamp%3btimeline_context_item_type=intro_card_work&amp%3bamp%3bamp%3bamp%3bamp%3bamp%3bamp%3bamp%3bamp%3bamp%3bamp%3btimeline_context_item_source=100003577209405&amp%3bamp%3bamp%3bamp%3bamp%3bamp%3bamp%3bamp%3bamp%3bamp%3bamp%3bfref=tag","article_modified_time":"2024-10-22T08:27:28+00:00","twitter_card":"summary_large_image","twitter_misc":{"Dur\u00e9e de lecture estim\u00e9e":"1 minute"},"schema":{"@context":"https:\/\/schema.org","@graph":[{"@type":"WebPage","@id":"https:\/\/lmols.nl\/fr\/","url":"https:\/\/lmols.nl\/fr\/","name":"Accueil - Landbouwmachines Mols","isPartOf":{"@id":"https:\/\/lmols.nl\/fr\/#website"},"datePublished":"2021-01-29T10:36:00+00:00","dateModified":"2024-10-22T08:27:28+00:00","breadcrumb":{"@id":"https:\/\/lmols.nl\/fr\/#breadcrumb"},"inLanguage":"fr-FR","potentialAction":[{"@type":"ReadAction","target":["https:\/\/lmols.nl\/fr\/"]}]},{"@type":"BreadcrumbList","@id":"https:\/\/lmols.nl\/fr\/#breadcrumb","itemListElement":[{"@type":"ListItem","position":1,"name":"Home","item":"https:\/\/lmols.nl\/fr\/"},{"@type":"ListItem","position":2,"name":"Accueil"}]},{"@type":"WebSite","@id":"https:\/\/lmols.nl\/fr\/#website","url":"https:\/\/lmols.nl\/fr\/","name":"Landbouwmachines Mols","description":"","publisher":{"@id":"https:\/\/lmols.nl\/fr\/#organization"},"potentialAction":[{"@type":"SearchAction","target":{"@type":"EntryPoint","urlTemplate":"https:\/\/lmols.nl\/fr\/?s={search_term_string}"},"query-input":{"@type":"PropertyValueSpecification","valueRequired":true,"valueName":"search_term_string"}}],"inLanguage":"fr-FR"},{"@type":"Organization","@id":"https:\/\/lmols.nl\/fr\/#organization","name":"Landbouwmachines Mols","url":"https:\/\/lmols.nl\/fr\/","logo":{"@type":"ImageObject","inLanguage":"fr-FR","@id":"https:\/\/lmols.nl\/fr\/#\/schema\/logo\/image\/","url":"https:\/\/lmols.nl\/wp-content\/uploads\/2018\/10\/Logo-Mols-.jpg","contentUrl":"https:\/\/lmols.nl\/wp-content\/uploads\/2018\/10\/Logo-Mols-.jpg","width":2560,"height":1244,"caption":"Landbouwmachines Mols"},"image":{"@id":"https:\/\/lmols.nl\/fr\/#\/schema\/logo\/image\/"},"sameAs":["https:\/\/www.facebook.com\/Handelsonderneming-BMols-380196632109618\/?eid=ARBtk3KYUHQppxzyciDA1B2zSkUSERM4H2csQhGuBqBFs7FCikaYeC4_34_k5cgYSPlxsqjFpZ65fea2&amp;amp;amp;amp;amp;amp;amp;amp;amp;amp;amp;timeline_context_item_type=intro_card_work&amp;amp;amp;amp;amp;amp;amp;amp;amp;amp;amp;timeline_context_item_source=100003577209405&amp;amp;amp;amp;amp;amp;amp;amp;amp;amp;amp;fref=tag"]}]}},"_links":{"self":[{"href":"https:\/\/lmols.nl\/fr\/wp-json\/wp\/v2\/pages\/484","targetHints":{"allow":["GET"]}}],"collection":[{"href":"https:\/\/lmols.nl\/fr\/wp-json\/wp\/v2\/pages"}],"about":[{"href":"https:\/\/lmols.nl\/fr\/wp-json\/wp\/v2\/types\/page"}],"author":[{"embeddable":true,"href":"https:\/\/lmols.nl\/fr\/wp-json\/wp\/v2\/users\/1"}],"replies":[{"embeddable":true,"href":"https:\/\/lmols.nl\/fr\/wp-json\/wp\/v2\/comments?post=484"}],"version-history":[{"count":13,"href":"https:\/\/lmols.nl\/fr\/wp-json\/wp\/v2\/pages\/484\/revisions"}],"predecessor-version":[{"id":824,"href":"https:\/\/lmols.nl\/fr\/wp-json\/wp\/v2\/pages\/484\/revisions\/824"}],"wp:attachment":[{"href":"https:\/\/lmols.nl\/fr\/wp-json\/wp\/v2\/media?parent=484"}],"curies":[{"name":"wp","href":"https:\/\/api.w.org\/{rel}","templated":true}]}}