{"id":456,"date":"2021-01-29T11:26:33","date_gmt":"2021-01-29T10:26:33","guid":{"rendered":"https:\/\/lmols.nl\/?page_id=456"},"modified":"2022-11-01T09:00:38","modified_gmt":"2022-11-01T08:00:38","slug":"service","status":"publish","type":"page","link":"https:\/\/lmols.nl\/fr\/service\/","title":{"rendered":"Service"},"content":{"rendered":"<div class=\"wpb-content-wrapper\"><p>[vc_row full_width=\u00a0\u00bbstretch_row\u00a0\u00bb css=\u00a0\u00bb.vc_custom_1610465109466{background-image: url(https:\/\/lmols.nl\/wp-content\/uploads\/2022\/10\/IMG_6410.jpg?id=698) !important;background-position: center !important;background-repeat: no-repeat !important;background-size: cover !important;}\u00a0\u00bb][vc_column][vc_empty_space height=\u00a0\u00bb260px\u00a0\u00bb][\/vc_column][\/vc_row][vc_row][vc_column][vc_empty_space height=\u00a0\u00bb60px\u00a0\u00bb][\/vc_column][\/vc_row][vc_row gap=\u00a0\u00bb20&Prime; content_placement=\u00a0\u00bbmiddle\u00a0\u00bb][vc_column width=\u00a0\u00bb1\/2&Prime;][vc_column_text]<\/p>\n<h2>Entretien et r\u00e9paration<\/h2>\n<p>Nous assurons l&rsquo;entretien, la r\u00e9paration et la r\u00e9vision des machines agricoles de tous types et de tous formats. Tous nos travaux sont r\u00e9alis\u00e9s avec soin et professionnalisme.<\/p>\n<p>Des travaux urgents ou une r\u00e9paration n\u00e9cessaire ? Nous trouvons du temps pour cela ! Nous avons \u00e9galement un certain nombre de machines \u00e0 louer en remplacement temporaire, afin que les travaux ne s&rsquo;arr\u00eatent pas.[\/vc_column_text][\/vc_column][vc_column width=\u00a0\u00bb1\/2&Prime;][vc_single_image image=\u00a0\u00bb734&Prime; img_size=\u00a0\u00bbfull\u00a0\u00bb el_class=\u00a0\u00bbbg-right-yellow-10&Prime;][\/vc_column][\/vc_row][vc_row gap=\u00a0\u00bb20&Prime; content_placement=\u00a0\u00bbmiddle\u00a0\u00bb][vc_column width=\u00a0\u00bb1\/2&Prime;][vc_single_image image=\u00a0\u00bb718&Prime; img_size=\u00a0\u00bbfull\u00a0\u00bb][\/vc_column][vc_column width=\u00a0\u00bb1\/2&Prime;][vc_single_image image=\u00a0\u00bb738&Prime; img_size=\u00a0\u00bbfull\u00a0\u00bb][\/vc_column][\/vc_row][vc_row gap=\u00a0\u00bb20&Prime; content_placement=\u00a0\u00bbmiddle\u00a0\u00bb][vc_column width=\u00a0\u00bb1\/2&Prime;][vc_single_image image=\u00a0\u00bb726&Prime; img_size=\u00a0\u00bbfull\u00a0\u00bb][\/vc_column][vc_column width=\u00a0\u00bb1\/2&Prime;][vc_single_image image=\u00a0\u00bb722&Prime; img_size=\u00a0\u00bbfull\u00a0\u00bb][\/vc_column][\/vc_row][vc_row full_width=\u00a0\u00bbstretch_row_content_no_spaces\u00a0\u00bb][vc_column][vc_empty_space]\r\n\t<div class=\"container-fluid\">\r\n\t\t<div class=\"row\">\r\n\t\t\t<div class=\"col cta from-shortcode text-center\"><p>Besoin d'aide ? Appelez le +31 6 53310418 (m\u00eame hors des heures de bureau)<\/p><\/div>\r\n\t\t<\/div>\r\n\t<\/div>\r\n\r\n\t[\/vc_column][\/vc_row]<\/p>\n<\/div>","protected":false},"excerpt":{"rendered":"<p>[vc_row full_width=\u00a0\u00bbstretch_row\u00a0\u00bb css=\u00a0\u00bb.vc_custom_1610465109466{background-image: url(https:\/\/lmols.nl\/wp-content\/uploads\/2022\/10\/IMG_6410.jpg?id=698) !important;background-position: center !important;background-repeat: no-repeat !important;background-size: cover !important;}\u00a0\u00bb][vc_column][vc_empty_space height=\u00a0\u00bb260px\u00a0\u00bb][\/vc_column][\/vc_row][vc_row][vc_column][vc_empty_space height=\u00a0\u00bb60px\u00a0\u00bb][\/vc_column][\/vc_row][vc_row gap=\u00a0\u00bb20&Prime; [&hellip;]<\/p>\n","protected":false},"author":1,"featured_media":0,"parent":0,"menu_order":0,"comment_status":"closed","ping_status":"closed","template":"","meta":{"footnotes":""},"class_list":["post-456","page","type-page","status-publish","hentry"],"yoast_head":"<!-- This site is optimized with the Yoast SEO plugin v27.4 - https:\/\/yoast.com\/product\/yoast-seo-wordpress\/ -->\n<title>Service - Landbouwmachines Mols<\/title>\n<meta name=\"robots\" content=\"index, follow, max-snippet:-1, max-image-preview:large, max-video-preview:-1\" \/>\n<link rel=\"canonical\" href=\"https:\/\/lmols.nl\/fr\/service\/\" \/>\n<meta property=\"og:locale\" content=\"fr_FR\" \/>\n<meta property=\"og:type\" content=\"article\" \/>\n<meta property=\"og:title\" content=\"Service - Landbouwmachines Mols\" \/>\n<meta property=\"og:description\" content=\"[vc_row full_width=\u00a0\u00bbstretch_row\u00a0\u00bb css=\u00a0\u00bb.vc_custom_1610465109466{background-image: url(https:\/\/lmols.nl\/wp-content\/uploads\/2022\/10\/IMG_6410.jpg?id=698) !important;background-position: center !important;background-repeat: no-repeat !important;background-size: cover !important;}\u00a0\u00bb][vc_column][vc_empty_space height=\u00a0\u00bb260px\u00a0\u00bb][\/vc_column][\/vc_row][vc_row][vc_column][vc_empty_space height=\u00a0\u00bb60px\u00a0\u00bb][\/vc_column][\/vc_row][vc_row gap=\u00a0\u00bb20&Prime; [&hellip;]\" \/>\n<meta property=\"og:url\" content=\"https:\/\/lmols.nl\/fr\/service\/\" \/>\n<meta property=\"og:site_name\" content=\"Landbouwmachines Mols\" \/>\n<meta property=\"article:publisher\" content=\"https:\/\/www.facebook.com\/Handelsonderneming-BMols-380196632109618\/?eid=ARBtk3KYUHQppxzyciDA1B2zSkUSERM4H2csQhGuBqBFs7FCikaYeC4_34_k5cgYSPlxsqjFpZ65fea2&amp;amp%3bamp%3bamp%3bamp%3bamp%3bamp%3bamp%3bamp%3bamp%3bamp%3bamp%3btimeline_context_item_type=intro_card_work&amp;amp%3bamp%3bamp%3bamp%3bamp%3bamp%3bamp%3bamp%3bamp%3bamp%3bamp%3btimeline_context_item_source=100003577209405&amp;amp%3bamp%3bamp%3bamp%3bamp%3bamp%3bamp%3bamp%3bamp%3bamp%3bamp%3bfref=tag\" \/>\n<meta property=\"article:modified_time\" content=\"2022-11-01T08:00:38+00:00\" \/>\n<meta name=\"twitter:card\" content=\"summary_large_image\" \/>\n<meta name=\"twitter:label1\" content=\"Dur\u00e9e de lecture estim\u00e9e\" \/>\n\t<meta name=\"twitter:data1\" content=\"1 minute\" \/>\n<script type=\"application\/ld+json\" class=\"yoast-schema-graph\">{\"@context\":\"https:\\\/\\\/schema.org\",\"@graph\":[{\"@type\":\"WebPage\",\"@id\":\"https:\\\/\\\/lmols.nl\\\/fr\\\/service\\\/\",\"url\":\"https:\\\/\\\/lmols.nl\\\/fr\\\/service\\\/\",\"name\":\"Service - Landbouwmachines Mols\",\"isPartOf\":{\"@id\":\"https:\\\/\\\/lmols.nl\\\/fr\\\/#website\"},\"datePublished\":\"2021-01-29T10:26:33+00:00\",\"dateModified\":\"2022-11-01T08:00:38+00:00\",\"breadcrumb\":{\"@id\":\"https:\\\/\\\/lmols.nl\\\/fr\\\/service\\\/#breadcrumb\"},\"inLanguage\":\"fr-FR\",\"potentialAction\":[{\"@type\":\"ReadAction\",\"target\":[\"https:\\\/\\\/lmols.nl\\\/fr\\\/service\\\/\"]}]},{\"@type\":\"BreadcrumbList\",\"@id\":\"https:\\\/\\\/lmols.nl\\\/fr\\\/service\\\/#breadcrumb\",\"itemListElement\":[{\"@type\":\"ListItem\",\"position\":1,\"name\":\"Home\",\"item\":\"https:\\\/\\\/lmols.nl\\\/fr\\\/\"},{\"@type\":\"ListItem\",\"position\":2,\"name\":\"Service\"}]},{\"@type\":\"WebSite\",\"@id\":\"https:\\\/\\\/lmols.nl\\\/fr\\\/#website\",\"url\":\"https:\\\/\\\/lmols.nl\\\/fr\\\/\",\"name\":\"Landbouwmachines Mols\",\"description\":\"\",\"publisher\":{\"@id\":\"https:\\\/\\\/lmols.nl\\\/fr\\\/#organization\"},\"potentialAction\":[{\"@type\":\"SearchAction\",\"target\":{\"@type\":\"EntryPoint\",\"urlTemplate\":\"https:\\\/\\\/lmols.nl\\\/fr\\\/?s={search_term_string}\"},\"query-input\":{\"@type\":\"PropertyValueSpecification\",\"valueRequired\":true,\"valueName\":\"search_term_string\"}}],\"inLanguage\":\"fr-FR\"},{\"@type\":\"Organization\",\"@id\":\"https:\\\/\\\/lmols.nl\\\/fr\\\/#organization\",\"name\":\"Landbouwmachines Mols\",\"url\":\"https:\\\/\\\/lmols.nl\\\/fr\\\/\",\"logo\":{\"@type\":\"ImageObject\",\"inLanguage\":\"fr-FR\",\"@id\":\"https:\\\/\\\/lmols.nl\\\/fr\\\/#\\\/schema\\\/logo\\\/image\\\/\",\"url\":\"https:\\\/\\\/lmols.nl\\\/wp-content\\\/uploads\\\/2018\\\/10\\\/Logo-Mols-.jpg\",\"contentUrl\":\"https:\\\/\\\/lmols.nl\\\/wp-content\\\/uploads\\\/2018\\\/10\\\/Logo-Mols-.jpg\",\"width\":2560,\"height\":1244,\"caption\":\"Landbouwmachines Mols\"},\"image\":{\"@id\":\"https:\\\/\\\/lmols.nl\\\/fr\\\/#\\\/schema\\\/logo\\\/image\\\/\"},\"sameAs\":[\"https:\\\/\\\/www.facebook.com\\\/Handelsonderneming-BMols-380196632109618\\\/?eid=ARBtk3KYUHQppxzyciDA1B2zSkUSERM4H2csQhGuBqBFs7FCikaYeC4_34_k5cgYSPlxsqjFpZ65fea2&amp;amp;amp;amp;amp;amp;amp;amp;amp;amp;amp;timeline_context_item_type=intro_card_work&amp;amp;amp;amp;amp;amp;amp;amp;amp;amp;amp;timeline_context_item_source=100003577209405&amp;amp;amp;amp;amp;amp;amp;amp;amp;amp;amp;fref=tag\"]}]}<\/script>\n<!-- \/ Yoast SEO plugin. -->","yoast_head_json":{"title":"Service - Landbouwmachines Mols","robots":{"index":"index","follow":"follow","max-snippet":"max-snippet:-1","max-image-preview":"max-image-preview:large","max-video-preview":"max-video-preview:-1"},"canonical":"https:\/\/lmols.nl\/fr\/service\/","og_locale":"fr_FR","og_type":"article","og_title":"Service - Landbouwmachines Mols","og_description":"[vc_row full_width=\u00a0\u00bbstretch_row\u00a0\u00bb css=\u00a0\u00bb.vc_custom_1610465109466{background-image: url(https:\/\/lmols.nl\/wp-content\/uploads\/2022\/10\/IMG_6410.jpg?id=698) !important;background-position: center !important;background-repeat: no-repeat !important;background-size: cover !important;}\u00a0\u00bb][vc_column][vc_empty_space height=\u00a0\u00bb260px\u00a0\u00bb][\/vc_column][\/vc_row][vc_row][vc_column][vc_empty_space height=\u00a0\u00bb60px\u00a0\u00bb][\/vc_column][\/vc_row][vc_row gap=\u00a0\u00bb20&Prime; [&hellip;]","og_url":"https:\/\/lmols.nl\/fr\/service\/","og_site_name":"Landbouwmachines Mols","article_publisher":"https:\/\/www.facebook.com\/Handelsonderneming-BMols-380196632109618\/?eid=ARBtk3KYUHQppxzyciDA1B2zSkUSERM4H2csQhGuBqBFs7FCikaYeC4_34_k5cgYSPlxsqjFpZ65fea2&amp%3bamp%3bamp%3bamp%3bamp%3bamp%3bamp%3bamp%3bamp%3bamp%3bamp%3btimeline_context_item_type=intro_card_work&amp%3bamp%3bamp%3bamp%3bamp%3bamp%3bamp%3bamp%3bamp%3bamp%3bamp%3btimeline_context_item_source=100003577209405&amp%3bamp%3bamp%3bamp%3bamp%3bamp%3bamp%3bamp%3bamp%3bamp%3bamp%3bfref=tag","article_modified_time":"2022-11-01T08:00:38+00:00","twitter_card":"summary_large_image","twitter_misc":{"Dur\u00e9e de lecture estim\u00e9e":"1 minute"},"schema":{"@context":"https:\/\/schema.org","@graph":[{"@type":"WebPage","@id":"https:\/\/lmols.nl\/fr\/service\/","url":"https:\/\/lmols.nl\/fr\/service\/","name":"Service - Landbouwmachines Mols","isPartOf":{"@id":"https:\/\/lmols.nl\/fr\/#website"},"datePublished":"2021-01-29T10:26:33+00:00","dateModified":"2022-11-01T08:00:38+00:00","breadcrumb":{"@id":"https:\/\/lmols.nl\/fr\/service\/#breadcrumb"},"inLanguage":"fr-FR","potentialAction":[{"@type":"ReadAction","target":["https:\/\/lmols.nl\/fr\/service\/"]}]},{"@type":"BreadcrumbList","@id":"https:\/\/lmols.nl\/fr\/service\/#breadcrumb","itemListElement":[{"@type":"ListItem","position":1,"name":"Home","item":"https:\/\/lmols.nl\/fr\/"},{"@type":"ListItem","position":2,"name":"Service"}]},{"@type":"WebSite","@id":"https:\/\/lmols.nl\/fr\/#website","url":"https:\/\/lmols.nl\/fr\/","name":"Landbouwmachines Mols","description":"","publisher":{"@id":"https:\/\/lmols.nl\/fr\/#organization"},"potentialAction":[{"@type":"SearchAction","target":{"@type":"EntryPoint","urlTemplate":"https:\/\/lmols.nl\/fr\/?s={search_term_string}"},"query-input":{"@type":"PropertyValueSpecification","valueRequired":true,"valueName":"search_term_string"}}],"inLanguage":"fr-FR"},{"@type":"Organization","@id":"https:\/\/lmols.nl\/fr\/#organization","name":"Landbouwmachines Mols","url":"https:\/\/lmols.nl\/fr\/","logo":{"@type":"ImageObject","inLanguage":"fr-FR","@id":"https:\/\/lmols.nl\/fr\/#\/schema\/logo\/image\/","url":"https:\/\/lmols.nl\/wp-content\/uploads\/2018\/10\/Logo-Mols-.jpg","contentUrl":"https:\/\/lmols.nl\/wp-content\/uploads\/2018\/10\/Logo-Mols-.jpg","width":2560,"height":1244,"caption":"Landbouwmachines Mols"},"image":{"@id":"https:\/\/lmols.nl\/fr\/#\/schema\/logo\/image\/"},"sameAs":["https:\/\/www.facebook.com\/Handelsonderneming-BMols-380196632109618\/?eid=ARBtk3KYUHQppxzyciDA1B2zSkUSERM4H2csQhGuBqBFs7FCikaYeC4_34_k5cgYSPlxsqjFpZ65fea2&amp;amp;amp;amp;amp;amp;amp;amp;amp;amp;amp;timeline_context_item_type=intro_card_work&amp;amp;amp;amp;amp;amp;amp;amp;amp;amp;amp;timeline_context_item_source=100003577209405&amp;amp;amp;amp;amp;amp;amp;amp;amp;amp;amp;fref=tag"]}]}},"_links":{"self":[{"href":"https:\/\/lmols.nl\/fr\/wp-json\/wp\/v2\/pages\/456","targetHints":{"allow":["GET"]}}],"collection":[{"href":"https:\/\/lmols.nl\/fr\/wp-json\/wp\/v2\/pages"}],"about":[{"href":"https:\/\/lmols.nl\/fr\/wp-json\/wp\/v2\/types\/page"}],"author":[{"embeddable":true,"href":"https:\/\/lmols.nl\/fr\/wp-json\/wp\/v2\/users\/1"}],"replies":[{"embeddable":true,"href":"https:\/\/lmols.nl\/fr\/wp-json\/wp\/v2\/comments?post=456"}],"version-history":[{"count":8,"href":"https:\/\/lmols.nl\/fr\/wp-json\/wp\/v2\/pages\/456\/revisions"}],"predecessor-version":[{"id":770,"href":"https:\/\/lmols.nl\/fr\/wp-json\/wp\/v2\/pages\/456\/revisions\/770"}],"wp:attachment":[{"href":"https:\/\/lmols.nl\/fr\/wp-json\/wp\/v2\/media?parent=456"}],"curies":[{"name":"wp","href":"https:\/\/api.w.org\/{rel}","templated":true}]}}