{"id":485,"date":"2021-01-29T11:36:02","date_gmt":"2021-01-29T10:36:02","guid":{"rendered":"https:\/\/lmols.nl\/?page_id=485"},"modified":"2024-10-22T09:27:31","modified_gmt":"2024-10-22T08:27:31","slug":"485-2","status":"publish","type":"page","link":"https:\/\/lmols.nl\/de\/","title":{"rendered":"Startseite"},"content":{"rendered":"<div class=\"wpb-content-wrapper\"><p>[vc_section full_width=&#8220;stretch_row&#8220; css=&#8220;.vc_custom_1540824622919{background-color: #242424 !important;}&#8220; el_class=&#8220;dark home-intro&#8220;][vc_row][vc_column][vc_column_text el_class=&#8220;pt-md-5 pb-md-5 mt-md-5 mb-md-5&#8243;]<\/p>\n<h1>Landbouwmachines Mols<\/h1>\n<p>Bereits mehr als 30 Jahre Erfahrung in der Wartung, Reparatur<br \/>\nund Modifikation von Landmaschinen. Offizieller H\u00e4ndler von<br \/>\nmehr als 15 Qualit\u00e4tsmarken wie Sgariboldi und Stiga.[\/vc_column_text][\/vc_column][\/vc_row][\/vc_section][vc_section full_width=&#8220;stretch_row&#8220; css=&#8220;.vc_custom_1611135477073{background-color: #ffffff !important;}&#8220;][vc_row][vc_column]\t<div class=\"delivered mt-4 pt-4 pt-md-0 bg-\">\r\n\t\t<div class=\"row\">\r\n\r\n            <div class=\"col-12 col-md-6\">\r\n                <iframe src=\"https:\/\/www.facebook.com\/plugins\/video.php?height=314&href=https%3A%2F%2Fwww.facebook.com%2Flmols.nl%2Fvideos%2F1523425384924804%2F&show_text=false&width=560&t=0\" style=\"border:none;overflow:hidden;width:100%;height:100%;aspect-ratio: 16\/9;\" scrolling=\"no\" frameborder=\"0\" allowfullscreen=\"true\" allow=\"autoplay; clipboard-write; encrypted-media; picture-in-picture; web-share\" allowFullScreen=\"true\"><\/iframe>\r\n            <\/div>\r\n\r\n            <div class=\"col-12 col-md-6\">\r\n                <iframe src=\"https:\/\/www.youtube.com\/embed\/vFoPxF_cVZo?si=UtBQ5yrgCDmS_0Ew\" title=\"YouTube video player\" frameborder=\"0\" allow=\"accelerometer; autoplay; clipboard-write; encrypted-media; gyroscope; picture-in-picture; web-share\" referrerpolicy=\"strict-origin-when-cross-origin\" allowfullscreen style=\"border:none;overflow:hidden;width:100%;height:100%;aspect-ratio: 16\/9;\"><\/iframe>\r\n            <\/div>\r\n\r\n<!--            <div class=\"col-md-6\">-->\r\n<!--                <div class=\"p-4 bg-light h-100\">-->\r\n<!--                    <h2 class=\"h4 mb-3\">--><!--<\/h2>-->\r\n<!--                    <div class=\"row\">-->\r\n<!--                        --><!--                            <div class=\"col col-12 col-md-6 col-delivered --><!--\">-->\r\n<!--                                <div class=\"inner h-100\">-->\r\n<!--                                    <div class=\"iframe-wrap\">-->\r\n<!--                                        <iframe src=\"https:\/\/www.youtube.com\/embed\/--><!--\"><\/iframe>-->\r\n<!--                                    <\/div>-->\r\n<!--                                    <h3 class=\"d-none\">--><!--<\/h3>-->\r\n<!--                                    <p>-->\r\n<!--                                        --><!--                                        <span class=\"machine\">--><!--<\/span>-->\r\n<!--                                        <span class=\"company\">--><!--<\/span>-->\r\n<!--                                    <\/p>-->\r\n<!--                                <\/div>-->\r\n<!--                            <\/div>-->\r\n<!--                            --><!--                    <\/div>-->\r\n<!--                <\/div>-->\r\n<!---->\r\n<!--            <\/div>-->\r\n\r\n\r\n\r\n\t\t<\/div>\r\n\t\t<div class=\"row mt-4 mb-5 pb-4\">\r\n\t\t\t<div class=\"col col-12 col-md-6\"><a target=\"_blank\" class=\"btn btn-lg btn-dark btn-youtube w-100 h-100\" href=\"https:\/\/www.youtube.com\/channel\/UCgSn_rkyXIyyESuL8NsvX9g\">Folgen Sie uns auf YouTube<\/a><\/div>\r\n\t\t\t<div class=\"col col-12 col-md-6\"><a target=\"_blank\" class=\"btn btn-lg btn-dark btn-facebook w-100 h-100\" href=\"https:\/\/www.facebook.com\/lmols.nl\/\">Folgen Sie uns auf Facebook<\/a><\/div>\r\n\t\t<\/div>\r\n\t<\/div>\r\n\t[\/vc_column][\/vc_row][\/vc_section][vc_section full_width=&#8220;stretch_row&#8220; css=&#8220;.vc_custom_1540824745442{background-color: #ececec !important;}&#8220;][vc_row][vc_column offset=&#8220;vc_col-lg-8 vc_col-md-8&#8243;][vc_column_text css=&#8220;.vc_custom_1544085402128{margin-bottom: -25px !important;}&#8220; el_class=&#8220;mt-md-4 pt-md-4 pb-md-4 mb-md-4&#8243;]<\/p>\n<h2>Wartung, Reparatur &amp; vermietung<\/h2>\n<p>Wir betreuen die Wartung, Reparatur und \u00dcberholung von Landmaschinen aller Arten und Gr\u00f6\u00dfen. Ferner vermieten wir eine Reihe von Maschinen als vor\u00fcbergehenden Ersatz, sodass die Arbeit nicht zum Stillstand kommt.[\/vc_column_text]\t<div class=\"imagebutton bg-right-yellow-10\">\r\n\t\t<img decoding=\"async\" src=\"https:\/\/lmols.nl\/wp-content\/uploads\/2022\/10\/IMG_6427.jpg\" class=\"img-fluid\"\/>\r\n\t\t<a class=\"btn btn-dark btn-lg pos-right\" href=\"\/de\/service\/\">service<\/a>\r\n\t<\/div>\r\n\t[\/vc_column][vc_column width=&#8220;1\/3&#8243;][\/vc_column][\/vc_row][\/vc_section][vc_section full_width=&#8220;stretch_row&#8220;][vc_row][vc_column][vc_column_text css=&#8220;.vc_custom_1540974758818{margin-bottom: -25px !important;}&#8220; el_class=&#8220;mt-md-4 pt-md-4 pb-md-4 mb-md-4&#8243;]<\/p>\n<h2>Maschinen<\/h2>\n<p>[\/vc_column_text]    <div class=\"assortiment bg-left-yellow-10\">\r\n        <div class=\"row\">\r\n                            <div class=\"col col-6 col-md-4\"><a class=\"brand w-100 h-100\" style=\"background-color:;background-image:url('https:\/\/lmols.nl\/wp-content\/uploads\/2024\/10\/pagliari.png')\" href=\"https:\/\/lmols.nl\/de\/merk\/pagliari\/\" title=\"Pagliari\"><span class=\"d-none\">Pagliari<\/span><\/a><\/div>\r\n                            <div class=\"col col-6 col-md-4\"><a class=\"brand w-100 h-100\" style=\"background-color:#577e64;background-image:url('https:\/\/lmols.nl\/wp-content\/uploads\/2022\/10\/Logo-SaMASZ_Maaierspecialist_WIT.png')\" href=\"https:\/\/lmols.nl\/de\/merk\/samasz\/\" title=\"SamASZ\"><span class=\"d-none\">SamASZ<\/span><\/a><\/div>\r\n                            <div class=\"col col-6 col-md-4\"><a class=\"brand w-100 h-100\" style=\"background-color:#ff3600;background-image:url('https:\/\/lmols.nl\/wp-content\/uploads\/2022\/10\/Bobcat-logo.png')\" href=\"https:\/\/lmols.nl\/de\/merk\/bobcat\/\" title=\"Bobcat\"><span class=\"d-none\">Bobcat<\/span><\/a><\/div>\r\n                            <div class=\"col col-6 col-md-4\"><a class=\"brand w-100 h-100\" style=\"background-color:;background-image:url('https:\/\/lmols.nl\/wp-content\/uploads\/2022\/10\/LOGO-PTM.png')\" href=\"https:\/\/lmols.nl\/de\/merk\/ptm\/\" title=\"PTM\"><span class=\"d-none\">PTM<\/span><\/a><\/div>\r\n                            <div class=\"col col-6 col-md-4\"><a class=\"brand w-100 h-100\" style=\"background-color:#00447a;background-image:url('https:\/\/lmols.nl\/wp-content\/uploads\/2018\/10\/sgariboldi.jpg')\" href=\"https:\/\/lmols.nl\/de\/merk\/sgariboldi\/\" title=\"Sgariboldi\"><span class=\"d-none\">Sgariboldi<\/span><\/a><\/div>\r\n                            <div class=\"col col-6 col-md-4\"><a class=\"brand w-100 h-100\" style=\"background-color:;background-image:url('https:\/\/lmols.nl\/wp-content\/uploads\/2022\/10\/TYM_MasterLogo_Red_Horizontal_RGB-scaled-e1681196890749.jpg')\" href=\"https:\/\/lmols.nl\/de\/merk\/branson\/\" title=\"Branson\"><span class=\"d-none\">Branson<\/span><\/a><\/div>\r\n                            <div class=\"col col-6 col-md-4\"><a class=\"brand w-100 h-100\" style=\"background-color:#f31c2b;background-image:url('https:\/\/lmols.nl\/wp-content\/uploads\/2018\/10\/unlu.jpg')\" href=\"https:\/\/lmols.nl\/de\/merk\/uenlue-agriculture\/\" title=\"\u00dcnl\u00fc Agriculture\"><span class=\"d-none\">\u00dcnl\u00fc Agriculture<\/span><\/a><\/div>\r\n                            <div class=\"col col-6 col-md-4\"><a class=\"brand w-100 h-100\" style=\"background-color:#f28c00;background-image:url('https:\/\/lmols.nl\/wp-content\/uploads\/2020\/12\/omas-international.jpg')\" href=\"https:\/\/lmols.nl\/de\/merk\/omas-international\/\" title=\"OMAS International\"><span class=\"d-none\">OMAS International<\/span><\/a><\/div>\r\n                            <div class=\"col col-6 col-md-4\"><a class=\"btn btn-lg btn-dark w-100 h-100\" href=\"\/de\/maschinen\/\">Alle Marken<\/a><\/div>\r\n            \r\n        <\/div>\r\n    <\/div>\r\n\t[\/vc_column][\/vc_row][\/vc_section][vc_row][vc_column][vc_empty_space el_class=&#8220;mt-md-5 mb-md-5&#8243;][\/vc_column][\/vc_row]<\/p>\n<\/div>","protected":false},"excerpt":{"rendered":"<p>[vc_section full_width=&#8220;stretch_row&#8220; css=&#8220;.vc_custom_1540824622919{background-color: #242424 !important;}&#8220; el_class=&#8220;dark home-intro&#8220;][vc_row][vc_column][vc_column_text el_class=&#8220;pt-md-5 pb-md-5 mt-md-5 mb-md-5&#8243;] Landbouwmachines Mols Bereits [&hellip;]<\/p>\n","protected":false},"author":1,"featured_media":0,"parent":0,"menu_order":0,"comment_status":"closed","ping_status":"closed","template":"","meta":{"footnotes":""},"class_list":["post-485","page","type-page","status-publish","hentry"],"yoast_head":"<!-- This site is optimized with the Yoast SEO plugin v27.4 - https:\/\/yoast.com\/product\/yoast-seo-wordpress\/ -->\n<title>Startseite - Landbouwmachines Mols<\/title>\n<meta name=\"robots\" content=\"index, follow, max-snippet:-1, max-image-preview:large, max-video-preview:-1\" \/>\n<link rel=\"canonical\" href=\"https:\/\/lmols.nl\/de\/\" \/>\n<meta property=\"og:locale\" content=\"de_DE\" \/>\n<meta property=\"og:type\" content=\"article\" \/>\n<meta property=\"og:title\" content=\"Startseite - Landbouwmachines Mols\" \/>\n<meta property=\"og:description\" content=\"[vc_section full_width=&#8220;stretch_row&#8220; css=&#8220;.vc_custom_1540824622919{background-color: #242424 !important;}&#8220; el_class=&#8220;dark home-intro&#8220;][vc_row][vc_column][vc_column_text el_class=&#8220;pt-md-5 pb-md-5 mt-md-5 mb-md-5&#8243;] Landbouwmachines Mols Bereits [&hellip;]\" \/>\n<meta property=\"og:url\" content=\"https:\/\/lmols.nl\/de\/\" \/>\n<meta property=\"og:site_name\" content=\"Landbouwmachines Mols\" \/>\n<meta property=\"article:publisher\" content=\"https:\/\/www.facebook.com\/Handelsonderneming-BMols-380196632109618\/?eid=ARBtk3KYUHQppxzyciDA1B2zSkUSERM4H2csQhGuBqBFs7FCikaYeC4_34_k5cgYSPlxsqjFpZ65fea2&amp;amp%3bamp%3bamp%3bamp%3bamp%3bamp%3bamp%3bamp%3bamp%3bamp%3bamp%3btimeline_context_item_type=intro_card_work&amp;amp%3bamp%3bamp%3bamp%3bamp%3bamp%3bamp%3bamp%3bamp%3bamp%3bamp%3btimeline_context_item_source=100003577209405&amp;amp%3bamp%3bamp%3bamp%3bamp%3bamp%3bamp%3bamp%3bamp%3bamp%3bamp%3bfref=tag\" \/>\n<meta property=\"article:modified_time\" content=\"2024-10-22T08:27:31+00:00\" \/>\n<meta name=\"twitter:card\" content=\"summary_large_image\" \/>\n<meta name=\"twitter:label1\" content=\"Gesch\u00e4tzte Lesezeit\" \/>\n\t<meta name=\"twitter:data1\" content=\"1\u00a0Minute\" \/>\n<script type=\"application\/ld+json\" class=\"yoast-schema-graph\">{\"@context\":\"https:\\\/\\\/schema.org\",\"@graph\":[{\"@type\":\"WebPage\",\"@id\":\"https:\\\/\\\/lmols.nl\\\/de\\\/\",\"url\":\"https:\\\/\\\/lmols.nl\\\/de\\\/\",\"name\":\"Startseite - Landbouwmachines Mols\",\"isPartOf\":{\"@id\":\"https:\\\/\\\/lmols.nl\\\/de\\\/#website\"},\"datePublished\":\"2021-01-29T10:36:02+00:00\",\"dateModified\":\"2024-10-22T08:27:31+00:00\",\"breadcrumb\":{\"@id\":\"https:\\\/\\\/lmols.nl\\\/de\\\/#breadcrumb\"},\"inLanguage\":\"de\",\"potentialAction\":[{\"@type\":\"ReadAction\",\"target\":[\"https:\\\/\\\/lmols.nl\\\/de\\\/\"]}]},{\"@type\":\"BreadcrumbList\",\"@id\":\"https:\\\/\\\/lmols.nl\\\/de\\\/#breadcrumb\",\"itemListElement\":[{\"@type\":\"ListItem\",\"position\":1,\"name\":\"Home\",\"item\":\"https:\\\/\\\/lmols.nl\\\/de\\\/\"},{\"@type\":\"ListItem\",\"position\":2,\"name\":\"Startseite\"}]},{\"@type\":\"WebSite\",\"@id\":\"https:\\\/\\\/lmols.nl\\\/de\\\/#website\",\"url\":\"https:\\\/\\\/lmols.nl\\\/de\\\/\",\"name\":\"Landbouwmachines Mols\",\"description\":\"\",\"publisher\":{\"@id\":\"https:\\\/\\\/lmols.nl\\\/de\\\/#organization\"},\"potentialAction\":[{\"@type\":\"SearchAction\",\"target\":{\"@type\":\"EntryPoint\",\"urlTemplate\":\"https:\\\/\\\/lmols.nl\\\/de\\\/?s={search_term_string}\"},\"query-input\":{\"@type\":\"PropertyValueSpecification\",\"valueRequired\":true,\"valueName\":\"search_term_string\"}}],\"inLanguage\":\"de\"},{\"@type\":\"Organization\",\"@id\":\"https:\\\/\\\/lmols.nl\\\/de\\\/#organization\",\"name\":\"Landbouwmachines Mols\",\"url\":\"https:\\\/\\\/lmols.nl\\\/de\\\/\",\"logo\":{\"@type\":\"ImageObject\",\"inLanguage\":\"de\",\"@id\":\"https:\\\/\\\/lmols.nl\\\/de\\\/#\\\/schema\\\/logo\\\/image\\\/\",\"url\":\"https:\\\/\\\/lmols.nl\\\/wp-content\\\/uploads\\\/2018\\\/10\\\/Logo-Mols-.jpg\",\"contentUrl\":\"https:\\\/\\\/lmols.nl\\\/wp-content\\\/uploads\\\/2018\\\/10\\\/Logo-Mols-.jpg\",\"width\":2560,\"height\":1244,\"caption\":\"Landbouwmachines Mols\"},\"image\":{\"@id\":\"https:\\\/\\\/lmols.nl\\\/de\\\/#\\\/schema\\\/logo\\\/image\\\/\"},\"sameAs\":[\"https:\\\/\\\/www.facebook.com\\\/Handelsonderneming-BMols-380196632109618\\\/?eid=ARBtk3KYUHQppxzyciDA1B2zSkUSERM4H2csQhGuBqBFs7FCikaYeC4_34_k5cgYSPlxsqjFpZ65fea2&amp;amp;amp;amp;amp;amp;amp;amp;amp;amp;amp;timeline_context_item_type=intro_card_work&amp;amp;amp;amp;amp;amp;amp;amp;amp;amp;amp;timeline_context_item_source=100003577209405&amp;amp;amp;amp;amp;amp;amp;amp;amp;amp;amp;fref=tag\"]}]}<\/script>\n<!-- \/ Yoast SEO plugin. -->","yoast_head_json":{"title":"Startseite - Landbouwmachines Mols","robots":{"index":"index","follow":"follow","max-snippet":"max-snippet:-1","max-image-preview":"max-image-preview:large","max-video-preview":"max-video-preview:-1"},"canonical":"https:\/\/lmols.nl\/de\/","og_locale":"de_DE","og_type":"article","og_title":"Startseite - Landbouwmachines Mols","og_description":"[vc_section full_width=&#8220;stretch_row&#8220; css=&#8220;.vc_custom_1540824622919{background-color: #242424 !important;}&#8220; el_class=&#8220;dark home-intro&#8220;][vc_row][vc_column][vc_column_text el_class=&#8220;pt-md-5 pb-md-5 mt-md-5 mb-md-5&#8243;] Landbouwmachines Mols Bereits [&hellip;]","og_url":"https:\/\/lmols.nl\/de\/","og_site_name":"Landbouwmachines Mols","article_publisher":"https:\/\/www.facebook.com\/Handelsonderneming-BMols-380196632109618\/?eid=ARBtk3KYUHQppxzyciDA1B2zSkUSERM4H2csQhGuBqBFs7FCikaYeC4_34_k5cgYSPlxsqjFpZ65fea2&amp%3bamp%3bamp%3bamp%3bamp%3bamp%3bamp%3bamp%3bamp%3bamp%3bamp%3btimeline_context_item_type=intro_card_work&amp%3bamp%3bamp%3bamp%3bamp%3bamp%3bamp%3bamp%3bamp%3bamp%3bamp%3btimeline_context_item_source=100003577209405&amp%3bamp%3bamp%3bamp%3bamp%3bamp%3bamp%3bamp%3bamp%3bamp%3bamp%3bfref=tag","article_modified_time":"2024-10-22T08:27:31+00:00","twitter_card":"summary_large_image","twitter_misc":{"Gesch\u00e4tzte Lesezeit":"1\u00a0Minute"},"schema":{"@context":"https:\/\/schema.org","@graph":[{"@type":"WebPage","@id":"https:\/\/lmols.nl\/de\/","url":"https:\/\/lmols.nl\/de\/","name":"Startseite - Landbouwmachines Mols","isPartOf":{"@id":"https:\/\/lmols.nl\/de\/#website"},"datePublished":"2021-01-29T10:36:02+00:00","dateModified":"2024-10-22T08:27:31+00:00","breadcrumb":{"@id":"https:\/\/lmols.nl\/de\/#breadcrumb"},"inLanguage":"de","potentialAction":[{"@type":"ReadAction","target":["https:\/\/lmols.nl\/de\/"]}]},{"@type":"BreadcrumbList","@id":"https:\/\/lmols.nl\/de\/#breadcrumb","itemListElement":[{"@type":"ListItem","position":1,"name":"Home","item":"https:\/\/lmols.nl\/de\/"},{"@type":"ListItem","position":2,"name":"Startseite"}]},{"@type":"WebSite","@id":"https:\/\/lmols.nl\/de\/#website","url":"https:\/\/lmols.nl\/de\/","name":"Landbouwmachines Mols","description":"","publisher":{"@id":"https:\/\/lmols.nl\/de\/#organization"},"potentialAction":[{"@type":"SearchAction","target":{"@type":"EntryPoint","urlTemplate":"https:\/\/lmols.nl\/de\/?s={search_term_string}"},"query-input":{"@type":"PropertyValueSpecification","valueRequired":true,"valueName":"search_term_string"}}],"inLanguage":"de"},{"@type":"Organization","@id":"https:\/\/lmols.nl\/de\/#organization","name":"Landbouwmachines Mols","url":"https:\/\/lmols.nl\/de\/","logo":{"@type":"ImageObject","inLanguage":"de","@id":"https:\/\/lmols.nl\/de\/#\/schema\/logo\/image\/","url":"https:\/\/lmols.nl\/wp-content\/uploads\/2018\/10\/Logo-Mols-.jpg","contentUrl":"https:\/\/lmols.nl\/wp-content\/uploads\/2018\/10\/Logo-Mols-.jpg","width":2560,"height":1244,"caption":"Landbouwmachines Mols"},"image":{"@id":"https:\/\/lmols.nl\/de\/#\/schema\/logo\/image\/"},"sameAs":["https:\/\/www.facebook.com\/Handelsonderneming-BMols-380196632109618\/?eid=ARBtk3KYUHQppxzyciDA1B2zSkUSERM4H2csQhGuBqBFs7FCikaYeC4_34_k5cgYSPlxsqjFpZ65fea2&amp;amp;amp;amp;amp;amp;amp;amp;amp;amp;amp;timeline_context_item_type=intro_card_work&amp;amp;amp;amp;amp;amp;amp;amp;amp;amp;amp;timeline_context_item_source=100003577209405&amp;amp;amp;amp;amp;amp;amp;amp;amp;amp;amp;fref=tag"]}]}},"_links":{"self":[{"href":"https:\/\/lmols.nl\/de\/wp-json\/wp\/v2\/pages\/485","targetHints":{"allow":["GET"]}}],"collection":[{"href":"https:\/\/lmols.nl\/de\/wp-json\/wp\/v2\/pages"}],"about":[{"href":"https:\/\/lmols.nl\/de\/wp-json\/wp\/v2\/types\/page"}],"author":[{"embeddable":true,"href":"https:\/\/lmols.nl\/de\/wp-json\/wp\/v2\/users\/1"}],"replies":[{"embeddable":true,"href":"https:\/\/lmols.nl\/de\/wp-json\/wp\/v2\/comments?post=485"}],"version-history":[{"count":13,"href":"https:\/\/lmols.nl\/de\/wp-json\/wp\/v2\/pages\/485\/revisions"}],"predecessor-version":[{"id":823,"href":"https:\/\/lmols.nl\/de\/wp-json\/wp\/v2\/pages\/485\/revisions\/823"}],"wp:attachment":[{"href":"https:\/\/lmols.nl\/de\/wp-json\/wp\/v2\/media?parent=485"}],"curies":[{"name":"wp","href":"https:\/\/api.w.org\/{rel}","templated":true}]}}