{"id":458,"date":"2021-01-29T11:26:33","date_gmt":"2021-01-29T10:26:33","guid":{"rendered":"https:\/\/lmols.nl\/?page_id=458"},"modified":"2022-11-01T09:00:36","modified_gmt":"2022-11-01T08:00:36","slug":"service","status":"publish","type":"page","link":"https:\/\/lmols.nl\/de\/service\/","title":{"rendered":"Service"},"content":{"rendered":"<div class=\"wpb-content-wrapper\"><p>[vc_row full_width=&#8220;stretch_row&#8220; css=&#8220;.vc_custom_1610465109466{background-image: url(https:\/\/lmols.nl\/wp-content\/uploads\/2022\/10\/IMG_6410.jpg?id=698) !important;background-position: center !important;background-repeat: no-repeat !important;background-size: cover !important;}&#8220;][vc_column][vc_empty_space height=&#8220;260px&#8220;][\/vc_column][\/vc_row][vc_row][vc_column][vc_empty_space height=&#8220;60px&#8220;][\/vc_column][\/vc_row][vc_row gap=&#8220;20&#8243; content_placement=&#8220;middle&#8220;][vc_column width=&#8220;1\/2&#8243;][vc_column_text]<\/p>\n<h2>Wartung &amp; Reparatur<\/h2>\n<p>Wir betreuen die Wartung, Reparatur und \u00dcberholung von Landmaschinen aller Arten und Gr\u00f6\u00dfen. Alle Arbeiten werden von uns sorgf\u00e4ltig und fachgerecht ausgef\u00fchrt.<\/p>\n<p>Ben\u00f6tigen Sie einen dringenden Auftrag oder eine schnelle Reparatur? Daf\u00fcr nehmen wir uns Zeit! Ferner vermieten wir eine Reihe von Maschinen als vor\u00fcbergehenden Ersatz, sodass die Arbeit nicht zum Stillstand kommt.[\/vc_column_text][\/vc_column][vc_column width=&#8220;1\/2&#8243;][vc_single_image image=&#8220;735&#8243; img_size=&#8220;full&#8220; el_class=&#8220;bg-right-yellow-10&#8243;][\/vc_column][\/vc_row][vc_row gap=&#8220;20&#8243; content_placement=&#8220;middle&#8220;][vc_column width=&#8220;1\/2&#8243;][vc_single_image image=&#8220;719&#8243; img_size=&#8220;full&#8220;][\/vc_column][vc_column width=&#8220;1\/2&#8243;][vc_single_image image=&#8220;739&#8243; img_size=&#8220;full&#8220;][\/vc_column][\/vc_row][vc_row gap=&#8220;20&#8243; content_placement=&#8220;middle&#8220;][vc_column width=&#8220;1\/2&#8243;][vc_single_image image=&#8220;727&#8243; img_size=&#8220;full&#8220;][\/vc_column][vc_column width=&#8220;1\/2&#8243;][vc_single_image image=&#8220;723&#8243; img_size=&#8220;full&#8220;][\/vc_column][\/vc_row][vc_row full_width=&#8220;stretch_row_content_no_spaces&#8220;][vc_column][vc_empty_space]\r\n\t<div class=\"container-fluid\">\r\n\t\t<div class=\"row\">\r\n\t\t\t<div class=\"col cta from-shortcode text-center\"><p>Ben\u00f6tigen Sie Hilfe? Kontaktieren Sie uns unter +31 6 53310418 (auch au\u00dferhalb der Gesch\u00e4ftszeiten)<\/p><\/div>\r\n\t\t<\/div>\r\n\t<\/div>\r\n\r\n\t[\/vc_column][\/vc_row]<\/p>\n<\/div>","protected":false},"excerpt":{"rendered":"<p>[vc_row full_width=&#8220;stretch_row&#8220; css=&#8220;.vc_custom_1610465109466{background-image: url(https:\/\/lmols.nl\/wp-content\/uploads\/2022\/10\/IMG_6410.jpg?id=698) !important;background-position: center !important;background-repeat: no-repeat !important;background-size: cover !important;}&#8220;][vc_column][vc_empty_space height=&#8220;260px&#8220;][\/vc_column][\/vc_row][vc_row][vc_column][vc_empty_space height=&#8220;60px&#8220;][\/vc_column][\/vc_row][vc_row gap=&#8220;20&#8243; [&hellip;]<\/p>\n","protected":false},"author":1,"featured_media":0,"parent":0,"menu_order":0,"comment_status":"closed","ping_status":"closed","template":"","meta":{"footnotes":""},"class_list":["post-458","page","type-page","status-publish","hentry"],"yoast_head":"<!-- This site is optimized with the Yoast SEO plugin v27.4 - https:\/\/yoast.com\/product\/yoast-seo-wordpress\/ -->\n<title>Service - Landbouwmachines Mols<\/title>\n<meta name=\"robots\" content=\"index, follow, max-snippet:-1, max-image-preview:large, max-video-preview:-1\" \/>\n<link rel=\"canonical\" href=\"https:\/\/lmols.nl\/de\/service\/\" \/>\n<meta property=\"og:locale\" content=\"de_DE\" \/>\n<meta property=\"og:type\" content=\"article\" \/>\n<meta property=\"og:title\" content=\"Service - Landbouwmachines Mols\" \/>\n<meta property=\"og:description\" content=\"[vc_row full_width=&#8220;stretch_row&#8220; css=&#8220;.vc_custom_1610465109466{background-image: url(https:\/\/lmols.nl\/wp-content\/uploads\/2022\/10\/IMG_6410.jpg?id=698) !important;background-position: center !important;background-repeat: no-repeat !important;background-size: cover !important;}&#8220;][vc_column][vc_empty_space height=&#8220;260px&#8220;][\/vc_column][\/vc_row][vc_row][vc_column][vc_empty_space height=&#8220;60px&#8220;][\/vc_column][\/vc_row][vc_row gap=&#8220;20&#8243; [&hellip;]\" \/>\n<meta property=\"og:url\" content=\"https:\/\/lmols.nl\/de\/service\/\" \/>\n<meta property=\"og:site_name\" content=\"Landbouwmachines Mols\" \/>\n<meta property=\"article:publisher\" content=\"https:\/\/www.facebook.com\/Handelsonderneming-BMols-380196632109618\/?eid=ARBtk3KYUHQppxzyciDA1B2zSkUSERM4H2csQhGuBqBFs7FCikaYeC4_34_k5cgYSPlxsqjFpZ65fea2&amp;amp%3bamp%3bamp%3bamp%3bamp%3bamp%3bamp%3bamp%3bamp%3bamp%3bamp%3btimeline_context_item_type=intro_card_work&amp;amp%3bamp%3bamp%3bamp%3bamp%3bamp%3bamp%3bamp%3bamp%3bamp%3bamp%3btimeline_context_item_source=100003577209405&amp;amp%3bamp%3bamp%3bamp%3bamp%3bamp%3bamp%3bamp%3bamp%3bamp%3bamp%3bfref=tag\" \/>\n<meta property=\"article:modified_time\" content=\"2022-11-01T08:00:36+00:00\" \/>\n<meta name=\"twitter:card\" content=\"summary_large_image\" \/>\n<meta name=\"twitter:label1\" content=\"Gesch\u00e4tzte Lesezeit\" \/>\n\t<meta name=\"twitter:data1\" content=\"1\u00a0Minute\" \/>\n<script type=\"application\/ld+json\" class=\"yoast-schema-graph\">{\"@context\":\"https:\\\/\\\/schema.org\",\"@graph\":[{\"@type\":\"WebPage\",\"@id\":\"https:\\\/\\\/lmols.nl\\\/de\\\/service\\\/\",\"url\":\"https:\\\/\\\/lmols.nl\\\/de\\\/service\\\/\",\"name\":\"Service - Landbouwmachines Mols\",\"isPartOf\":{\"@id\":\"https:\\\/\\\/lmols.nl\\\/de\\\/#website\"},\"datePublished\":\"2021-01-29T10:26:33+00:00\",\"dateModified\":\"2022-11-01T08:00:36+00:00\",\"breadcrumb\":{\"@id\":\"https:\\\/\\\/lmols.nl\\\/de\\\/service\\\/#breadcrumb\"},\"inLanguage\":\"de\",\"potentialAction\":[{\"@type\":\"ReadAction\",\"target\":[\"https:\\\/\\\/lmols.nl\\\/de\\\/service\\\/\"]}]},{\"@type\":\"BreadcrumbList\",\"@id\":\"https:\\\/\\\/lmols.nl\\\/de\\\/service\\\/#breadcrumb\",\"itemListElement\":[{\"@type\":\"ListItem\",\"position\":1,\"name\":\"Home\",\"item\":\"https:\\\/\\\/lmols.nl\\\/de\\\/\"},{\"@type\":\"ListItem\",\"position\":2,\"name\":\"Service\"}]},{\"@type\":\"WebSite\",\"@id\":\"https:\\\/\\\/lmols.nl\\\/de\\\/#website\",\"url\":\"https:\\\/\\\/lmols.nl\\\/de\\\/\",\"name\":\"Landbouwmachines Mols\",\"description\":\"\",\"publisher\":{\"@id\":\"https:\\\/\\\/lmols.nl\\\/de\\\/#organization\"},\"potentialAction\":[{\"@type\":\"SearchAction\",\"target\":{\"@type\":\"EntryPoint\",\"urlTemplate\":\"https:\\\/\\\/lmols.nl\\\/de\\\/?s={search_term_string}\"},\"query-input\":{\"@type\":\"PropertyValueSpecification\",\"valueRequired\":true,\"valueName\":\"search_term_string\"}}],\"inLanguage\":\"de\"},{\"@type\":\"Organization\",\"@id\":\"https:\\\/\\\/lmols.nl\\\/de\\\/#organization\",\"name\":\"Landbouwmachines Mols\",\"url\":\"https:\\\/\\\/lmols.nl\\\/de\\\/\",\"logo\":{\"@type\":\"ImageObject\",\"inLanguage\":\"de\",\"@id\":\"https:\\\/\\\/lmols.nl\\\/de\\\/#\\\/schema\\\/logo\\\/image\\\/\",\"url\":\"https:\\\/\\\/lmols.nl\\\/wp-content\\\/uploads\\\/2018\\\/10\\\/Logo-Mols-.jpg\",\"contentUrl\":\"https:\\\/\\\/lmols.nl\\\/wp-content\\\/uploads\\\/2018\\\/10\\\/Logo-Mols-.jpg\",\"width\":2560,\"height\":1244,\"caption\":\"Landbouwmachines Mols\"},\"image\":{\"@id\":\"https:\\\/\\\/lmols.nl\\\/de\\\/#\\\/schema\\\/logo\\\/image\\\/\"},\"sameAs\":[\"https:\\\/\\\/www.facebook.com\\\/Handelsonderneming-BMols-380196632109618\\\/?eid=ARBtk3KYUHQppxzyciDA1B2zSkUSERM4H2csQhGuBqBFs7FCikaYeC4_34_k5cgYSPlxsqjFpZ65fea2&amp;amp;amp;amp;amp;amp;amp;amp;amp;amp;amp;timeline_context_item_type=intro_card_work&amp;amp;amp;amp;amp;amp;amp;amp;amp;amp;amp;timeline_context_item_source=100003577209405&amp;amp;amp;amp;amp;amp;amp;amp;amp;amp;amp;fref=tag\"]}]}<\/script>\n<!-- \/ Yoast SEO plugin. -->","yoast_head_json":{"title":"Service - Landbouwmachines Mols","robots":{"index":"index","follow":"follow","max-snippet":"max-snippet:-1","max-image-preview":"max-image-preview:large","max-video-preview":"max-video-preview:-1"},"canonical":"https:\/\/lmols.nl\/de\/service\/","og_locale":"de_DE","og_type":"article","og_title":"Service - Landbouwmachines Mols","og_description":"[vc_row full_width=&#8220;stretch_row&#8220; css=&#8220;.vc_custom_1610465109466{background-image: url(https:\/\/lmols.nl\/wp-content\/uploads\/2022\/10\/IMG_6410.jpg?id=698) !important;background-position: center !important;background-repeat: no-repeat !important;background-size: cover !important;}&#8220;][vc_column][vc_empty_space height=&#8220;260px&#8220;][\/vc_column][\/vc_row][vc_row][vc_column][vc_empty_space height=&#8220;60px&#8220;][\/vc_column][\/vc_row][vc_row gap=&#8220;20&#8243; [&hellip;]","og_url":"https:\/\/lmols.nl\/de\/service\/","og_site_name":"Landbouwmachines Mols","article_publisher":"https:\/\/www.facebook.com\/Handelsonderneming-BMols-380196632109618\/?eid=ARBtk3KYUHQppxzyciDA1B2zSkUSERM4H2csQhGuBqBFs7FCikaYeC4_34_k5cgYSPlxsqjFpZ65fea2&amp%3bamp%3bamp%3bamp%3bamp%3bamp%3bamp%3bamp%3bamp%3bamp%3bamp%3btimeline_context_item_type=intro_card_work&amp%3bamp%3bamp%3bamp%3bamp%3bamp%3bamp%3bamp%3bamp%3bamp%3bamp%3btimeline_context_item_source=100003577209405&amp%3bamp%3bamp%3bamp%3bamp%3bamp%3bamp%3bamp%3bamp%3bamp%3bamp%3bfref=tag","article_modified_time":"2022-11-01T08:00:36+00:00","twitter_card":"summary_large_image","twitter_misc":{"Gesch\u00e4tzte Lesezeit":"1\u00a0Minute"},"schema":{"@context":"https:\/\/schema.org","@graph":[{"@type":"WebPage","@id":"https:\/\/lmols.nl\/de\/service\/","url":"https:\/\/lmols.nl\/de\/service\/","name":"Service - Landbouwmachines Mols","isPartOf":{"@id":"https:\/\/lmols.nl\/de\/#website"},"datePublished":"2021-01-29T10:26:33+00:00","dateModified":"2022-11-01T08:00:36+00:00","breadcrumb":{"@id":"https:\/\/lmols.nl\/de\/service\/#breadcrumb"},"inLanguage":"de","potentialAction":[{"@type":"ReadAction","target":["https:\/\/lmols.nl\/de\/service\/"]}]},{"@type":"BreadcrumbList","@id":"https:\/\/lmols.nl\/de\/service\/#breadcrumb","itemListElement":[{"@type":"ListItem","position":1,"name":"Home","item":"https:\/\/lmols.nl\/de\/"},{"@type":"ListItem","position":2,"name":"Service"}]},{"@type":"WebSite","@id":"https:\/\/lmols.nl\/de\/#website","url":"https:\/\/lmols.nl\/de\/","name":"Landbouwmachines Mols","description":"","publisher":{"@id":"https:\/\/lmols.nl\/de\/#organization"},"potentialAction":[{"@type":"SearchAction","target":{"@type":"EntryPoint","urlTemplate":"https:\/\/lmols.nl\/de\/?s={search_term_string}"},"query-input":{"@type":"PropertyValueSpecification","valueRequired":true,"valueName":"search_term_string"}}],"inLanguage":"de"},{"@type":"Organization","@id":"https:\/\/lmols.nl\/de\/#organization","name":"Landbouwmachines Mols","url":"https:\/\/lmols.nl\/de\/","logo":{"@type":"ImageObject","inLanguage":"de","@id":"https:\/\/lmols.nl\/de\/#\/schema\/logo\/image\/","url":"https:\/\/lmols.nl\/wp-content\/uploads\/2018\/10\/Logo-Mols-.jpg","contentUrl":"https:\/\/lmols.nl\/wp-content\/uploads\/2018\/10\/Logo-Mols-.jpg","width":2560,"height":1244,"caption":"Landbouwmachines Mols"},"image":{"@id":"https:\/\/lmols.nl\/de\/#\/schema\/logo\/image\/"},"sameAs":["https:\/\/www.facebook.com\/Handelsonderneming-BMols-380196632109618\/?eid=ARBtk3KYUHQppxzyciDA1B2zSkUSERM4H2csQhGuBqBFs7FCikaYeC4_34_k5cgYSPlxsqjFpZ65fea2&amp;amp;amp;amp;amp;amp;amp;amp;amp;amp;amp;timeline_context_item_type=intro_card_work&amp;amp;amp;amp;amp;amp;amp;amp;amp;amp;amp;timeline_context_item_source=100003577209405&amp;amp;amp;amp;amp;amp;amp;amp;amp;amp;amp;fref=tag"]}]}},"_links":{"self":[{"href":"https:\/\/lmols.nl\/de\/wp-json\/wp\/v2\/pages\/458","targetHints":{"allow":["GET"]}}],"collection":[{"href":"https:\/\/lmols.nl\/de\/wp-json\/wp\/v2\/pages"}],"about":[{"href":"https:\/\/lmols.nl\/de\/wp-json\/wp\/v2\/types\/page"}],"author":[{"embeddable":true,"href":"https:\/\/lmols.nl\/de\/wp-json\/wp\/v2\/users\/1"}],"replies":[{"embeddable":true,"href":"https:\/\/lmols.nl\/de\/wp-json\/wp\/v2\/comments?post=458"}],"version-history":[{"count":8,"href":"https:\/\/lmols.nl\/de\/wp-json\/wp\/v2\/pages\/458\/revisions"}],"predecessor-version":[{"id":768,"href":"https:\/\/lmols.nl\/de\/wp-json\/wp\/v2\/pages\/458\/revisions\/768"}],"wp:attachment":[{"href":"https:\/\/lmols.nl\/de\/wp-json\/wp\/v2\/media?parent=458"}],"curies":[{"name":"wp","href":"https:\/\/api.w.org\/{rel}","templated":true}]}}